{"id":3421,"date":"2022-02-01T10:38:45","date_gmt":"2022-02-01T09:38:45","guid":{"rendered":"https:\/\/schizinfo.com\/maladie\/forme-de-psychose\/"},"modified":"2022-02-28T19:55:24","modified_gmt":"2022-02-28T18:55:24","slug":"una-psicosi","status":"publish","type":"page","link":"https:\/\/schizinfo.com\/it\/malattia\/una-psicosi\/","title":{"rendered":"Una psicosi"},"content":{"rendered":"<p style=\"text-align: center;\"><strong>La psychose est un trouble de l\u2019esprit impliquant la plupart du temps une perte de contact avec la r\u00e9alit\u00e9, per\u00e7ue diff\u00e9rente de ce qu\u2019elle est r\u00e9ellement.<\/strong><\/p>\n<p><img decoding=\"async\" class=\"wp-image-390 size-full aligncenter\" src=\"https:\/\/schizinfo.com\/app\/uploads\/2022\/02\/donnees.webp\" alt=\"\" width=\"805\" height=\"583\" srcset=\"https:\/\/schizinfo.com\/app\/uploads\/2022\/02\/donnees.webp 805w, https:\/\/schizinfo.com\/app\/uploads\/2022\/02\/donnees-300x217.webp 300w, https:\/\/schizinfo.com\/app\/uploads\/2022\/02\/donnees-768x556.webp 768w, https:\/\/schizinfo.com\/app\/uploads\/2022\/02\/donnees-30x22.webp 30w, https:\/\/schizinfo.com\/app\/uploads\/2022\/02\/donnees-20x14.webp 20w, https:\/\/schizinfo.com\/app\/uploads\/2022\/02\/donnees-83x60.webp 83w, https:\/\/schizinfo.com\/app\/uploads\/2022\/02\/donnees-207x150.webp 207w\" sizes=\"(max-width: 805px) 100vw, 805px\" \/><\/p>\n<p>T\u00e9l\u00e9charger &#8220;La schizophr\u00e9nie en 2 mots&#8221;<\/p>\n<p>&nbsp;<\/p>\n<p>Le terme de psychose regroupe un ensemble de maladies qui touchent l\u2019esprit et qui, en cons\u00e9quence, affectent essentiellement le comportement (par exemple, bizarreries, pens\u00e9es ou comportements d\u00e9sorganis\u00e9s, id\u00e9es inhabituelles ou \u00e9tranges, voix que seule la personne peut entendre). Les psychoses les plus fr\u00e9quentes sont la schizophr\u00e9nie, les troubles bipolaires et schizo-affectifs, les d\u00e9lires parano\u00efaques et certaines formes de d\u00e9pressions psychotiques.<\/p>\n<p>&nbsp;<\/p>\n<p><strong>G\u00e9n\u00e9ralement, dans la psychose,\u00a0le malade ne reconna\u00eet pas le caract\u00e8re pathologique de ses sympt\u00f4mes.<\/strong><\/p>\n<p>&nbsp;<\/p>\n<h2>Caract\u00e9ristiques<\/h2>\n<p>La schizophr\u00e9nie est une maladie du cerveau qui appartient \u00e0 la famille des psychoses. Les niveaux de s\u00e9v\u00e9rit\u00e9 sont divers mais la maladie peut \u00eatre tr\u00e8s invalidante. Elle se d\u00e9veloppe probablement d\u00e8s la naissance de mani\u00e8re invisible mais elle se manifeste principalement au d\u00e9but de l\u2019\u00e2ge adulte (entre 15 et 25 ans), une fois le cerveau mature, et \u00e9volue par \u00e9pisodes. On observe aussi qu\u2019elle est tr\u00e8s souvent associ\u00e9e \u00e0 des d\u00e9pendances.<\/p>\n<p>&nbsp;<\/p>\n<p>On trouve la schizophr\u00e9nie dans tous les pays et toutes les cultures. Elle peut toucher n\u2019importe qui, aussi bien les hommes que les femmes, sans distinction de rang social. La schizophr\u00e9nie se caract\u00e9rise, entre autres, par des d\u00e9lires \u00e9pisodiques, ou non.<\/p>\n","protected":false},"excerpt":{"rendered":"<a href=\"\">Lire plus ... <\/a>","protected":false},"author":1,"featured_media":0,"parent":3396,"menu_order":1,"comment_status":"closed","ping_status":"closed","template":"","meta":{"_acf_changed":false,"inline_featured_image":false,"_monsterinsights_skip_tracking":false,"_monsterinsights_sitenote_active":false,"_monsterinsights_sitenote_note":"","_monsterinsights_sitenote_category":0,"footnotes":""},"class_list":["post-3421","page","type-page","status-publish","hentry"],"acf":[],"yoast_head":"<!-- This site is optimized with the Yoast SEO plugin v25.8 - https:\/\/yoast.com\/wordpress\/plugins\/seo\/ -->\n<title>Una psicosi - Schizinfo<\/title>\n<meta name=\"description\" content=\"La schizophr\u00e9nie est une maladie du cerveau qui appartient \u00e0 la famille des psychoses. Les niveaux de s\u00e9v\u00e9rit\u00e9 sont divers. Le r\u00e9tablissement\" \/>\n<meta name=\"robots\" content=\"index, follow, max-snippet:-1, max-image-preview:large, max-video-preview:-1\" \/>\n<link rel=\"canonical\" href=\"https:\/\/schizinfo.com\/it\/malattia\/una-psicosi\/\" \/>\n<meta property=\"og:locale\" content=\"it_IT\" \/>\n<meta property=\"og:type\" content=\"article\" \/>\n<meta property=\"og:title\" content=\"Una psicosi - Schizinfo\" \/>\n<meta property=\"og:description\" content=\"La schizophr\u00e9nie est une maladie du cerveau qui appartient \u00e0 la famille des psychoses. Les niveaux de s\u00e9v\u00e9rit\u00e9 sont divers. Le r\u00e9tablissement\" \/>\n<meta property=\"og:url\" content=\"https:\/\/schizinfo.com\/it\/malattia\/una-psicosi\/\" \/>\n<meta property=\"og:site_name\" content=\"Schizinfo\" \/>\n<meta property=\"article:publisher\" content=\"https:\/\/www.facebook.com\/schizinfo\/\" \/>\n<meta property=\"article:modified_time\" content=\"2022-02-28T18:55:24+00:00\" \/>\n<meta property=\"og:image\" content=\"https:\/\/schizinfo.com\/app\/uploads\/2022\/02\/donnees.webp\" \/>\n<meta name=\"twitter:card\" content=\"summary_large_image\" \/>\n<meta name=\"twitter:site\" content=\"@schizinfo\" \/>\n<meta name=\"twitter:label1\" content=\"Est. reading time\" \/>\n\t<meta name=\"twitter:data1\" content=\"1 minute\" \/>\n<script type=\"application\/ld+json\" class=\"yoast-schema-graph\">{\"@context\":\"https:\/\/schema.org\",\"@graph\":[{\"@type\":\"WebPage\",\"@id\":\"https:\/\/schizinfo.com\/it\/malattia\/una-psicosi\/\",\"url\":\"https:\/\/schizinfo.com\/it\/malattia\/una-psicosi\/\",\"name\":\"Una psicosi - Schizinfo\",\"isPartOf\":{\"@id\":\"https:\/\/schizinfo.com\/#website\"},\"primaryImageOfPage\":{\"@id\":\"https:\/\/schizinfo.com\/it\/malattia\/una-psicosi\/#primaryimage\"},\"image\":{\"@id\":\"https:\/\/schizinfo.com\/it\/malattia\/una-psicosi\/#primaryimage\"},\"thumbnailUrl\":\"https:\/\/schizinfo.com\/app\/uploads\/2022\/02\/donnees.webp\",\"datePublished\":\"2022-02-01T09:38:45+00:00\",\"dateModified\":\"2022-02-28T18:55:24+00:00\",\"description\":\"La schizophr\u00e9nie est une maladie du cerveau qui appartient \u00e0 la famille des psychoses. Les niveaux de s\u00e9v\u00e9rit\u00e9 sont divers. Le r\u00e9tablissement\",\"breadcrumb\":{\"@id\":\"https:\/\/schizinfo.com\/it\/malattia\/una-psicosi\/#breadcrumb\"},\"inLanguage\":\"it-IT\",\"potentialAction\":[{\"@type\":\"ReadAction\",\"target\":[\"https:\/\/schizinfo.com\/it\/malattia\/una-psicosi\/\"]}]},{\"@type\":\"ImageObject\",\"inLanguage\":\"it-IT\",\"@id\":\"https:\/\/schizinfo.com\/it\/malattia\/una-psicosi\/#primaryimage\",\"url\":\"https:\/\/schizinfo.com\/app\/uploads\/2022\/02\/donnees.webp\",\"contentUrl\":\"https:\/\/schizinfo.com\/app\/uploads\/2022\/02\/donnees.webp\"},{\"@type\":\"BreadcrumbList\",\"@id\":\"https:\/\/schizinfo.com\/it\/malattia\/una-psicosi\/#breadcrumb\",\"itemListElement\":[{\"@type\":\"ListItem\",\"position\":1,\"name\":\"Home\",\"item\":\"https:\/\/schizinfo.com\/it\/\"},{\"@type\":\"ListItem\",\"position\":2,\"name\":\"La malattia\",\"item\":\"https:\/\/schizinfo.com\/it\/malattia\/\"},{\"@type\":\"ListItem\",\"position\":3,\"name\":\"Una psicosi\"}]},{\"@type\":\"WebSite\",\"@id\":\"https:\/\/schizinfo.com\/#website\",\"url\":\"https:\/\/schizinfo.com\/\",\"name\":\"Schizinfo\",\"description\":\"D\u00e9stigmatiser le schizophr\u00e9nie\",\"publisher\":{\"@id\":\"https:\/\/schizinfo.com\/#organization\"},\"potentialAction\":[{\"@type\":\"SearchAction\",\"target\":{\"@type\":\"EntryPoint\",\"urlTemplate\":\"https:\/\/schizinfo.com\/?s={search_term_string}\"},\"query-input\":{\"@type\":\"PropertyValueSpecification\",\"valueRequired\":true,\"valueName\":\"search_term_string\"}}],\"inLanguage\":\"it-IT\"},{\"@type\":\"Organization\",\"@id\":\"https:\/\/schizinfo.com\/#organization\",\"name\":\"Schizinfo\",\"url\":\"https:\/\/schizinfo.com\/\",\"logo\":{\"@type\":\"ImageObject\",\"inLanguage\":\"it-IT\",\"@id\":\"https:\/\/schizinfo.com\/#\/schema\/logo\/image\/\",\"url\":\"https:\/\/schizinfo.com\/app\/uploads\/2022\/02\/logo-1.png\",\"contentUrl\":\"https:\/\/schizinfo.com\/app\/uploads\/2022\/02\/logo-1.png\",\"width\":233,\"height\":77,\"caption\":\"Schizinfo\"},\"image\":{\"@id\":\"https:\/\/schizinfo.com\/#\/schema\/logo\/image\/\"},\"sameAs\":[\"https:\/\/www.facebook.com\/schizinfo\/\",\"https:\/\/x.com\/schizinfo\",\"https:\/\/www.instagram.com\/positiveminders\",\"https:\/\/www.linkedin.com\/company\/schizinfo\/\"]}]}<\/script>\n<!-- \/ Yoast SEO plugin. -->","yoast_head_json":{"title":"Una psicosi - Schizinfo","description":"La schizophr\u00e9nie est une maladie du cerveau qui appartient \u00e0 la famille des psychoses. Les niveaux de s\u00e9v\u00e9rit\u00e9 sont divers. Le r\u00e9tablissement","robots":{"index":"index","follow":"follow","max-snippet":"max-snippet:-1","max-image-preview":"max-image-preview:large","max-video-preview":"max-video-preview:-1"},"canonical":"https:\/\/schizinfo.com\/it\/malattia\/una-psicosi\/","og_locale":"it_IT","og_type":"article","og_title":"Una psicosi - Schizinfo","og_description":"La schizophr\u00e9nie est une maladie du cerveau qui appartient \u00e0 la famille des psychoses. Les niveaux de s\u00e9v\u00e9rit\u00e9 sont divers. Le r\u00e9tablissement","og_url":"https:\/\/schizinfo.com\/it\/malattia\/una-psicosi\/","og_site_name":"Schizinfo","article_publisher":"https:\/\/www.facebook.com\/schizinfo\/","article_modified_time":"2022-02-28T18:55:24+00:00","og_image":[{"url":"https:\/\/schizinfo.com\/app\/uploads\/2022\/02\/donnees.webp","type":"","width":"","height":""}],"twitter_card":"summary_large_image","twitter_site":"@schizinfo","twitter_misc":{"Est. reading time":"1 minute"},"schema":{"@context":"https:\/\/schema.org","@graph":[{"@type":"WebPage","@id":"https:\/\/schizinfo.com\/it\/malattia\/una-psicosi\/","url":"https:\/\/schizinfo.com\/it\/malattia\/una-psicosi\/","name":"Una psicosi - Schizinfo","isPartOf":{"@id":"https:\/\/schizinfo.com\/#website"},"primaryImageOfPage":{"@id":"https:\/\/schizinfo.com\/it\/malattia\/una-psicosi\/#primaryimage"},"image":{"@id":"https:\/\/schizinfo.com\/it\/malattia\/una-psicosi\/#primaryimage"},"thumbnailUrl":"https:\/\/schizinfo.com\/app\/uploads\/2022\/02\/donnees.webp","datePublished":"2022-02-01T09:38:45+00:00","dateModified":"2022-02-28T18:55:24+00:00","description":"La schizophr\u00e9nie est une maladie du cerveau qui appartient \u00e0 la famille des psychoses. Les niveaux de s\u00e9v\u00e9rit\u00e9 sont divers. Le r\u00e9tablissement","breadcrumb":{"@id":"https:\/\/schizinfo.com\/it\/malattia\/una-psicosi\/#breadcrumb"},"inLanguage":"it-IT","potentialAction":[{"@type":"ReadAction","target":["https:\/\/schizinfo.com\/it\/malattia\/una-psicosi\/"]}]},{"@type":"ImageObject","inLanguage":"it-IT","@id":"https:\/\/schizinfo.com\/it\/malattia\/una-psicosi\/#primaryimage","url":"https:\/\/schizinfo.com\/app\/uploads\/2022\/02\/donnees.webp","contentUrl":"https:\/\/schizinfo.com\/app\/uploads\/2022\/02\/donnees.webp"},{"@type":"BreadcrumbList","@id":"https:\/\/schizinfo.com\/it\/malattia\/una-psicosi\/#breadcrumb","itemListElement":[{"@type":"ListItem","position":1,"name":"Home","item":"https:\/\/schizinfo.com\/it\/"},{"@type":"ListItem","position":2,"name":"La malattia","item":"https:\/\/schizinfo.com\/it\/malattia\/"},{"@type":"ListItem","position":3,"name":"Una psicosi"}]},{"@type":"WebSite","@id":"https:\/\/schizinfo.com\/#website","url":"https:\/\/schizinfo.com\/","name":"Schizinfo","description":"D\u00e9stigmatiser le schizophr\u00e9nie","publisher":{"@id":"https:\/\/schizinfo.com\/#organization"},"potentialAction":[{"@type":"SearchAction","target":{"@type":"EntryPoint","urlTemplate":"https:\/\/schizinfo.com\/?s={search_term_string}"},"query-input":{"@type":"PropertyValueSpecification","valueRequired":true,"valueName":"search_term_string"}}],"inLanguage":"it-IT"},{"@type":"Organization","@id":"https:\/\/schizinfo.com\/#organization","name":"Schizinfo","url":"https:\/\/schizinfo.com\/","logo":{"@type":"ImageObject","inLanguage":"it-IT","@id":"https:\/\/schizinfo.com\/#\/schema\/logo\/image\/","url":"https:\/\/schizinfo.com\/app\/uploads\/2022\/02\/logo-1.png","contentUrl":"https:\/\/schizinfo.com\/app\/uploads\/2022\/02\/logo-1.png","width":233,"height":77,"caption":"Schizinfo"},"image":{"@id":"https:\/\/schizinfo.com\/#\/schema\/logo\/image\/"},"sameAs":["https:\/\/www.facebook.com\/schizinfo\/","https:\/\/x.com\/schizinfo","https:\/\/www.instagram.com\/positiveminders","https:\/\/www.linkedin.com\/company\/schizinfo\/"]}]}},"_links":{"self":[{"href":"https:\/\/schizinfo.com\/it\/wp-json\/wp\/v2\/pages\/3421","targetHints":{"allow":["GET"]}}],"collection":[{"href":"https:\/\/schizinfo.com\/it\/wp-json\/wp\/v2\/pages"}],"about":[{"href":"https:\/\/schizinfo.com\/it\/wp-json\/wp\/v2\/types\/page"}],"author":[{"embeddable":true,"href":"https:\/\/schizinfo.com\/it\/wp-json\/wp\/v2\/users\/1"}],"replies":[{"embeddable":true,"href":"https:\/\/schizinfo.com\/it\/wp-json\/wp\/v2\/comments?post=3421"}],"version-history":[{"count":5,"href":"https:\/\/schizinfo.com\/it\/wp-json\/wp\/v2\/pages\/3421\/revisions"}],"predecessor-version":[{"id":3434,"href":"https:\/\/schizinfo.com\/it\/wp-json\/wp\/v2\/pages\/3421\/revisions\/3434"}],"up":[{"embeddable":true,"href":"https:\/\/schizinfo.com\/it\/wp-json\/wp\/v2\/pages\/3396"}],"wp:attachment":[{"href":"https:\/\/schizinfo.com\/it\/wp-json\/wp\/v2\/media?parent=3421"}],"curies":[{"name":"wp","href":"https:\/\/api.w.org\/{rel}","templated":true}]}}